


{"id":2373,"date":"2018-09-11T20:26:50","date_gmt":"2018-09-11T20:26:50","guid":{"rendered":"https:\/\/cah.ucf.edu\/languages\/?page_id=2373"},"modified":"2026-01-12T14:57:00","modified_gmt":"2026-01-12T19:57:00","slug":"cafe-francophone","status":"publish","type":"page","link":"https:\/\/cah.ucf.edu\/languages\/cafe-francophone\/","title":{"rendered":"Caf\u00e9 francophone"},"content":{"rendered":"<h4 style=\"text-align: center\"><strong>Le caf\u00e9 francophone<\/strong><\/h4>\n<p>&nbsp;<\/p>\n<ul>\n<li>Vous voulez am\u00e9liorer votre fran\u00e7ais oral? (<em>Would you like to improve your French speaking skills?)<\/em><\/li>\n<li>Vous aimeriez conna\u00eetre des \u00e9tudiant.e.s qui ont la m\u00eame passion que vous pour la langue fran\u00e7aise?(<em>Would you like to meet students who share your passion for the French language?)<\/em><\/li>\n<\/ul>\n<p>Bienvenu.e.s au caf\u00e9 francophone! Venez \u00e9changer avec vos coll\u00e8gues \u00e9tudiant.e.s dans une ambiance d\u00e9contract\u00e9e. (<em>Welcome to the French caf\u00e9! Come and chat with your colleagues in a relaxed atmosphere.)<\/em><\/p>\n<h5>Quand et o\u00f9?<\/h5>\n<p>Mercredi de 12h30 \u00e0 13h30 ROOM TCH 358B<\/p>\n<p>Wednesdays from 12h30 to 13h30 ROOM TCH 358B<\/p>\n<h5>Dates<\/h5>\n<ul>\n<li>21 janvier (1\/21)<\/li>\n<li>4 f\u00e9vrier (2\/4)<\/li>\n<li>18 f\u00e9vrier (2\/18)<\/li>\n<li>4 mars (3\/4)<\/li>\n<li>1er avril (4\/1)<\/li>\n<li>15 avril\u00a0 (4\/15)<\/li>\n<\/ul>\n<p>Pour qui? Les \u00e9tudiant.e.s de niveau 2000 (interm\u00e9diaire) et +, ou \u00e9tudiant.e.s francophones. (<em>For students at the 2000 level (intermediate) or higher, or French speakers)<\/em><\/p>\n<p>Pour plus d\u2019information, contactez Julie Pomerleau <em>(for more info please contact)<\/em> : <a href=\"mailto:Julie.Pomerleau@ucf.edu\">Julie.Pomerleau@ucf.edu<\/a><\/p>\n","protected":false},"excerpt":{"rendered":"Le caf\u00e9 francophone &nbsp; Vous voulez am\u00e9liorer votre fran\u00e7ais oral? (Would you like to improve your French speaking skills?) Vous aimeriez conna\u00eetre des \u00e9tudiant.e.s qui ont la m\u00eame passion que vous pour la langue fran\u00e7aise?(Would you like to meet students who share your passion for the French language?) Bienvenu.e.s au caf\u00e9 francophone! Venez \u00e9changer avec [&hellip;]","protected":false},"author":62,"featured_media":0,"parent":0,"menu_order":0,"comment_status":"closed","ping_status":"closed","template":"","meta":{"_acf_changed":false,"_exactmetrics_skip_tracking":false,"_exactmetrics_sitenote_active":false,"_exactmetrics_sitenote_note":"","_exactmetrics_sitenote_category":0,"footnotes":""},"categories":[],"tags":[],"class_list":["post-2373","page","type-page","status-publish","hentry"],"acf":[],"yoast_head":"<!-- This site is optimized with the Yoast SEO plugin v27.2 - https:\/\/yoast.com\/product\/yoast-seo-wordpress\/ -->\n<title>Caf\u00e9 francophone - Modern Languages and Literatures<\/title>\n<meta name=\"robots\" content=\"index, follow, max-snippet:-1, max-image-preview:large, max-video-preview:-1\" \/>\n<link rel=\"canonical\" href=\"https:\/\/cah.ucf.edu\/languages\/cafe-francophone\/\" \/>\n<meta property=\"og:locale\" content=\"en_US\" \/>\n<meta property=\"og:type\" content=\"article\" \/>\n<meta property=\"og:title\" content=\"Caf\u00e9 francophone - Modern Languages and Literatures\" \/>\n<meta property=\"og:description\" content=\"Le caf\u00e9 francophone &nbsp; Vous voulez am\u00e9liorer votre fran\u00e7ais oral? (Would you like to improve your French speaking skills?) Vous aimeriez conna\u00eetre des \u00e9tudiant.e.s qui ont la m\u00eame passion que vous pour la langue fran\u00e7aise?(Would you like to meet students who share your passion for the French language?) Bienvenu.e.s au caf\u00e9 francophone! Venez \u00e9changer avec [&hellip;]\" \/>\n<meta property=\"og:url\" content=\"https:\/\/cah.ucf.edu\/languages\/cafe-francophone\/\" \/>\n<meta property=\"og:site_name\" content=\"Modern Languages and Literatures\" \/>\n<meta property=\"article:modified_time\" content=\"2026-01-12T19:57:00+00:00\" \/>\n<meta name=\"twitter:card\" content=\"summary_large_image\" \/>\n<meta name=\"twitter:label1\" content=\"Est. reading time\" \/>\n\t<meta name=\"twitter:data1\" content=\"1 minute\" \/>\n<script type=\"application\/ld+json\" class=\"yoast-schema-graph\">{\"@context\":\"https:\/\/schema.org\",\"@graph\":[{\"@type\":\"WebPage\",\"@id\":\"https:\/\/cah.ucf.edu\/languages\/cafe-francophone\/\",\"url\":\"https:\/\/cah.ucf.edu\/languages\/cafe-francophone\/\",\"name\":\"Caf\u00e9 francophone - Modern Languages and Literatures\",\"isPartOf\":{\"@id\":\"https:\/\/cah.ucf.edu\/languages\/#website\"},\"datePublished\":\"2018-09-11T20:26:50+00:00\",\"dateModified\":\"2026-01-12T19:57:00+00:00\",\"breadcrumb\":{\"@id\":\"https:\/\/cah.ucf.edu\/languages\/cafe-francophone\/#breadcrumb\"},\"inLanguage\":\"en-US\",\"potentialAction\":[{\"@type\":\"ReadAction\",\"target\":[\"https:\/\/cah.ucf.edu\/languages\/cafe-francophone\/\"]}]},{\"@type\":\"BreadcrumbList\",\"@id\":\"https:\/\/cah.ucf.edu\/languages\/cafe-francophone\/#breadcrumb\",\"itemListElement\":[{\"@type\":\"ListItem\",\"position\":1,\"name\":\"Home\",\"item\":\"https:\/\/cah.ucf.edu\/languages\/\"},{\"@type\":\"ListItem\",\"position\":2,\"name\":\"Caf\u00e9 francophone\"}]},{\"@type\":\"WebSite\",\"@id\":\"https:\/\/cah.ucf.edu\/languages\/#website\",\"url\":\"https:\/\/cah.ucf.edu\/languages\/\",\"name\":\"Modern Languages and Literatures\",\"description\":\"The central page for the Department of Modern Languages and Literatures at the University of Central Florida.\",\"potentialAction\":[{\"@type\":\"SearchAction\",\"target\":{\"@type\":\"EntryPoint\",\"urlTemplate\":\"https:\/\/cah.ucf.edu\/languages\/?s={search_term_string}\"},\"query-input\":{\"@type\":\"PropertyValueSpecification\",\"valueRequired\":true,\"valueName\":\"search_term_string\"}}],\"inLanguage\":\"en-US\"}]}<\/script>\n<!-- \/ Yoast SEO plugin. -->","yoast_head_json":{"title":"Caf\u00e9 francophone - Modern Languages and Literatures","robots":{"index":"index","follow":"follow","max-snippet":"max-snippet:-1","max-image-preview":"max-image-preview:large","max-video-preview":"max-video-preview:-1"},"canonical":"https:\/\/cah.ucf.edu\/languages\/cafe-francophone\/","og_locale":"en_US","og_type":"article","og_title":"Caf\u00e9 francophone - Modern Languages and Literatures","og_description":"Le caf\u00e9 francophone &nbsp; Vous voulez am\u00e9liorer votre fran\u00e7ais oral? (Would you like to improve your French speaking skills?) Vous aimeriez conna\u00eetre des \u00e9tudiant.e.s qui ont la m\u00eame passion que vous pour la langue fran\u00e7aise?(Would you like to meet students who share your passion for the French language?) Bienvenu.e.s au caf\u00e9 francophone! Venez \u00e9changer avec [&hellip;]","og_url":"https:\/\/cah.ucf.edu\/languages\/cafe-francophone\/","og_site_name":"Modern Languages and Literatures","article_modified_time":"2026-01-12T19:57:00+00:00","twitter_card":"summary_large_image","twitter_misc":{"Est. reading time":"1 minute"},"schema":{"@context":"https:\/\/schema.org","@graph":[{"@type":"WebPage","@id":"https:\/\/cah.ucf.edu\/languages\/cafe-francophone\/","url":"https:\/\/cah.ucf.edu\/languages\/cafe-francophone\/","name":"Caf\u00e9 francophone - Modern Languages and Literatures","isPartOf":{"@id":"https:\/\/cah.ucf.edu\/languages\/#website"},"datePublished":"2018-09-11T20:26:50+00:00","dateModified":"2026-01-12T19:57:00+00:00","breadcrumb":{"@id":"https:\/\/cah.ucf.edu\/languages\/cafe-francophone\/#breadcrumb"},"inLanguage":"en-US","potentialAction":[{"@type":"ReadAction","target":["https:\/\/cah.ucf.edu\/languages\/cafe-francophone\/"]}]},{"@type":"BreadcrumbList","@id":"https:\/\/cah.ucf.edu\/languages\/cafe-francophone\/#breadcrumb","itemListElement":[{"@type":"ListItem","position":1,"name":"Home","item":"https:\/\/cah.ucf.edu\/languages\/"},{"@type":"ListItem","position":2,"name":"Caf\u00e9 francophone"}]},{"@type":"WebSite","@id":"https:\/\/cah.ucf.edu\/languages\/#website","url":"https:\/\/cah.ucf.edu\/languages\/","name":"Modern Languages and Literatures","description":"The central page for the Department of Modern Languages and Literatures at the University of Central Florida.","potentialAction":[{"@type":"SearchAction","target":{"@type":"EntryPoint","urlTemplate":"https:\/\/cah.ucf.edu\/languages\/?s={search_term_string}"},"query-input":{"@type":"PropertyValueSpecification","valueRequired":true,"valueName":"search_term_string"}}],"inLanguage":"en-US"}]}},"_links":{"self":[{"href":"https:\/\/cah.ucf.edu\/languages\/wp-json\/wp\/v2\/pages\/2373","targetHints":{"allow":["GET"]}}],"collection":[{"href":"https:\/\/cah.ucf.edu\/languages\/wp-json\/wp\/v2\/pages"}],"about":[{"href":"https:\/\/cah.ucf.edu\/languages\/wp-json\/wp\/v2\/types\/page"}],"author":[{"embeddable":true,"href":"https:\/\/cah.ucf.edu\/languages\/wp-json\/wp\/v2\/users\/62"}],"replies":[{"embeddable":true,"href":"https:\/\/cah.ucf.edu\/languages\/wp-json\/wp\/v2\/comments?post=2373"}],"version-history":[{"count":32,"href":"https:\/\/cah.ucf.edu\/languages\/wp-json\/wp\/v2\/pages\/2373\/revisions"}],"predecessor-version":[{"id":3874,"href":"https:\/\/cah.ucf.edu\/languages\/wp-json\/wp\/v2\/pages\/2373\/revisions\/3874"}],"wp:attachment":[{"href":"https:\/\/cah.ucf.edu\/languages\/wp-json\/wp\/v2\/media?parent=2373"}],"wp:term":[{"taxonomy":"category","embeddable":true,"href":"https:\/\/cah.ucf.edu\/languages\/wp-json\/wp\/v2\/categories?post=2373"},{"taxonomy":"post_tag","embeddable":true,"href":"https:\/\/cah.ucf.edu\/languages\/wp-json\/wp\/v2\/tags?post=2373"}],"curies":[{"name":"wp","href":"https:\/\/api.w.org\/{rel}","templated":true}]}}