{"id":59,"date":"2020-05-06T17:18:05","date_gmt":"2020-05-06T17:18:05","guid":{"rendered":"https:\/\/cahcms.smca.ucf.edu\/history-draft\/?page_id=59"},"modified":"2022-09-16T07:49:04","modified_gmt":"2022-09-16T07:49:04","slug":"pauley","status":"publish","type":"page","link":"https:\/\/cah.ucf.edu\/history\/faculty-staff\/emeriti\/pauley\/","title":{"rendered":"Bruce F. Pauley, Ph.D."},"content":{"rendered":"<ul>\n<li><a href=\"mailto:&quot;bpauley@pegasus.cc.ucf.edu&quot;\">bpauley@pegasus.cc.ucf.edu<\/a><\/li>\n<\/ul>\n<h3>Education<\/h3>\n<ul>\n<li>Ph.D. from University of Rochester<\/li>\n<\/ul>\n<h3>Research Interests<\/h3>\n<ul>\n<li>National Socialism<\/li>\n<li>Anti-Semitism<\/li>\n<li>World War II<\/li>\n<li>War and Society<\/li>\n<li>Totalitarianism<\/li>\n<li>European Popular Culture<\/li>\n<\/ul>\n<h3>Selected Publications<\/h3>\n<h4>Books<\/h4>\n<ul>\n<li>The Habsburg Legacy, 1867-1939, Robert E. Krieger Publishing, 1977.<\/li>\n<li>Hahnenschwanz und Hakenkreuz: Steirischer Heimatschutz und \u00d6sterreicher Nationalsozialismus, 1918-1934. Vienna: Europa Verlag, 1972.<\/li>\n<li>Hitler and the Forgotten Nazis: A History of Austrian National Socialism. Chapel Hill: University of North Carolina Press, 1981.<\/li>\n<li>Der Weg in den Nationalsozialismus: Urspruenge und Entwicklung In Oesterreich. Vienna: Bundesverlag, 1988.<\/li>\n<li>From Prejudice to Persecution: A History of Austrian Anti-Semitism. Chapel Hill: University of North Carolina Press, 1992.<\/li>\n<li>Eine Geschte des \u00d6sterreichischen Antisemitismus: Von der Ausgrenzung Ausl\u00d6schung. Vienna: Verlag Kremayr &amp; Scheriau, 1993.<\/li>\n<li>Hitler, Stalin, and Mussolini: Totalitarianism in the Twentieth Century. Wheeling, Ill: Harlan Davidson, Inc, 1997.<\/li>\n<\/ul>\n<h4>Articles In Edited Works<\/h4>\n<ul>\n<li>&#8220;Nazis and Heimwehr Fascists: the Struggle for Austria, 1918-1938,&#8221; in Who Were the Fascists? Social Roots of European Fascism, New York: Columbia University Press, 1980, 226-238.<\/li>\n<li>&#8220;The Social and Economic Background of Austria &#8216;s Lebensunf\u00e4higkeit,&#8221; in The Socialist Experiment: Social Democracy and Austromarxism, 1918-1934, Boulder and London: Westview Press, 1985, 21-37.<\/li>\n<li>&#8220;The Austrian Nazi Party before 1938: Some New Revelations,&#8221; in Conquering the Past: Austrian Nazism Yesterday and Today, Detroit: Wayne State University Press, 1988, 34-56.<\/li>\n<li>&#8220;Politischer Antisemitismus in Wien in der Zwischenkriegszeit,&#8221; in Eine Zerst\u00d6rte Kultur: J\u00fcdisches Leben und Antisemitismus in Wien seit dem 19. Jahrhundert, B\u00fcchloe: Druck und Verlag Obermayer, 1990, 221-46; 389-393.<\/li>\n<li>&#8220;Bemerkungen zu dem Beitrag von Gerhard Jagschitz,&#8221; in \u00d6sterreich, Deutschland und die M\u00e4chte: Internationale und \u00d6sterreichische Aspekte des &#8220;Anschlusses&#8221; vom M\u00e4rz 1938. Vienna: Verlag der \u00d6sterreichischen Akademie der Wissenschaften, 1990, 271-76.<\/li>\n<li>&#8220;Anti-Semitism and the Austrian Nazi Party,&#8221; in Austria in the Thirties: Culture and Politics, Riverside, Cal.: Ariadne Press, 1991, 25-47.<\/li>\n<li>&#8220;Political Antisemitism in Interwar Vienna,&#8221; in Jews, Antisemitism and Culture in Vienna, London: Routledge and Kegan Paul, 1987, 153-173, 268-275.<\/li>\n<li>&#8220;Prelude to Anschluss: the Great War and the Shattered International and Domestic Consensus,&#8221; in Austria, 1938-1988: Anschluss and Fifty Years, Riverside, Cal: Ariadne Press, 1995, 57-70.<\/li>\n<li>&#8220;Prelude to Disaster: The Evolution of Austrian Fascism,&#8221; in On the Origin and Evolution of European Fascism, Claremont, Cal: the Family of Benjamin Z. Gould Center for Humanistic Studies, 1995, 43-58.<\/li>\n<li>&#8220;Austria,&#8221; in The World Reacts to the Holocaust, 1945-1990, Baltimore: The John Hopkins University Press, 1996, 383-420.<\/li>\n<li>&#8220;Some Reflections on Austrian Anti-Semitism,&#8221; in Essays in European History, Lanham, Md: University Press of America, 1996, 137-149.<\/li>\n<li>&#8220;The Austrian Press and the Third Reich: Contradictory Views from a Neighbor,&#8221; in Journalism and the Holocaust, New York: Yeshiva University Press, 2003.<\/li>\n<\/ul>\n<h4>Articles<\/h4>\n<ul>\n<li>&#8220;The Patchwork Treaties: St. Germain and Trianon Reconsidered.&#8221; The Rocky Mountain Social Science Journal, Vol. 9, No. 2, 1972, 62-69.<\/li>\n<li>&#8220;The Fascist Resistance: Anti-Nazism in Austria before the Anschluss.&#8221; Transactions: Conference Group for Social and Administrative History, Vol. 4, 1974, 40-72.<\/li>\n<li>&#8220;A Case Study in Fascism: The Styrian Heimatschutz and Austrian National Socialism.&#8221; Austrian History Yearbook, Vol.s 12-13, 1976-1977, 251-281.<\/li>\n<li>&#8220;From Splinter Party to Mass Movement: The Austrian Nazi Breakthrough.&#8221; German Studies Review, Vol. 2, No. 1, 1979, 7-29.<\/li>\n<li>&#8220;Fascism and the F\u00fchrerprinzip: the Austrian Example.&#8221; Central European History, Vol. 12, No. 2, 1979, 272-296.<\/li>\n<li>&#8220;In the Shadow of Death: Austrian Jews and the Nazi Threat.&#8221; Shofar, Vol. 5, No. 3, 1987, 28-43.<\/li>\n<li>&#8220;The United States and the &#8216;Jewish Question&#8217; In Austria.&#8221; Leo Baeck Institute Year Book, Vol. 37, 1992, 481-496.<\/li>\n<li>&#8220;Bibliographical Essay: Books on Austrian Anti-Semitism in the Nineteenth and Twentieth Centuries.&#8221; Leo Baeck Institute Year Book, Vol. 38, 1993, 409-423.<\/li>\n<\/ul>\n<h4>Honors &amp; Awards<\/h4>\n<ul>\n<li>The Charles Smith Award, European Section of the Southern Historical Association, 1993<\/li>\n<li>Best Book Prize, Austrian Cultural Institute, 1994<\/li>\n<\/ul>\n","protected":false},"excerpt":{"rendered":"bpauley@pegasus.cc.ucf.edu Education Ph.D. from University of Rochester Research Interests National Socialism Anti-Semitism World War II War and Society Totalitarianism European Popular Culture Selected Publications Books The Habsburg Legacy, 1867-1939, Robert E. Krieger Publishing, 1977. Hahnenschwanz und Hakenkreuz: Steirischer Heimatschutz und \u00d6sterreicher Nationalsozialismus, 1918-1934. Vienna: Europa Verlag, 1972. Hitler and the Forgotten Nazis: A History of&hellip;","protected":false},"author":70,"featured_media":0,"parent":57,"menu_order":0,"comment_status":"closed","ping_status":"closed","template":"","meta":{"_acf_changed":false,"om_disable_all_campaigns":false,"_exactmetrics_skip_tracking":false,"_exactmetrics_sitenote_active":false,"_exactmetrics_sitenote_note":"","_exactmetrics_sitenote_category":0,"footnotes":""},"categories":[],"tags":[],"class_list":["post-59","page","type-page","status-publish","hentry"],"acf":[],"yoast_head":"<!-- This site is optimized with the Yoast SEO plugin v27.4 - https:\/\/yoast.com\/product\/yoast-seo-wordpress\/ -->\n<title>Bruce F. Pauley, Ph.D. - Department of History<\/title>\n<meta name=\"robots\" content=\"index, follow, max-snippet:-1, max-image-preview:large, max-video-preview:-1\" \/>\n<link rel=\"canonical\" href=\"https:\/\/cah.ucf.edu\/history\/faculty-staff\/emeriti\/pauley\/\" \/>\n<meta property=\"og:locale\" content=\"en_US\" \/>\n<meta property=\"og:type\" content=\"article\" \/>\n<meta property=\"og:title\" content=\"Bruce F. Pauley, Ph.D. - Department of History\" \/>\n<meta property=\"og:description\" content=\"bpauley@pegasus.cc.ucf.edu Education Ph.D. from University of Rochester Research Interests National Socialism Anti-Semitism World War II War and Society Totalitarianism European Popular Culture Selected Publications Books The Habsburg Legacy, 1867-1939, Robert E. Krieger Publishing, 1977. Hahnenschwanz und Hakenkreuz: Steirischer Heimatschutz und \u00d6sterreicher Nationalsozialismus, 1918-1934. Vienna: Europa Verlag, 1972. Hitler and the Forgotten Nazis: A History of&hellip;\" \/>\n<meta property=\"og:url\" content=\"https:\/\/cah.ucf.edu\/history\/faculty-staff\/emeriti\/pauley\/\" \/>\n<meta property=\"og:site_name\" content=\"Department of History\" \/>\n<meta property=\"article:modified_time\" content=\"2022-09-16T07:49:04+00:00\" \/>\n<meta name=\"twitter:card\" content=\"summary_large_image\" \/>\n<meta name=\"twitter:label1\" content=\"Est. reading time\" \/>\n\t<meta name=\"twitter:data1\" content=\"3 minutes\" \/>\n<script type=\"application\/ld+json\" class=\"yoast-schema-graph\">{\"@context\":\"https:\\\/\\\/schema.org\",\"@graph\":[{\"@type\":\"WebPage\",\"@id\":\"https:\\\/\\\/cah.ucf.edu\\\/history\\\/faculty-staff\\\/emeriti\\\/pauley\\\/\",\"url\":\"https:\\\/\\\/cah.ucf.edu\\\/history\\\/faculty-staff\\\/emeriti\\\/pauley\\\/\",\"name\":\"Bruce F. Pauley, Ph.D. - Department of History\",\"isPartOf\":{\"@id\":\"https:\\\/\\\/cah.ucf.edu\\\/history\\\/#website\"},\"datePublished\":\"2020-05-06T17:18:05+00:00\",\"dateModified\":\"2022-09-16T07:49:04+00:00\",\"breadcrumb\":{\"@id\":\"https:\\\/\\\/cah.ucf.edu\\\/history\\\/faculty-staff\\\/emeriti\\\/pauley\\\/#breadcrumb\"},\"inLanguage\":\"en-US\",\"potentialAction\":[{\"@type\":\"ReadAction\",\"target\":[\"https:\\\/\\\/cah.ucf.edu\\\/history\\\/faculty-staff\\\/emeriti\\\/pauley\\\/\"]}]},{\"@type\":\"BreadcrumbList\",\"@id\":\"https:\\\/\\\/cah.ucf.edu\\\/history\\\/faculty-staff\\\/emeriti\\\/pauley\\\/#breadcrumb\",\"itemListElement\":[{\"@type\":\"ListItem\",\"position\":1,\"name\":\"Home\",\"item\":\"https:\\\/\\\/cah.ucf.edu\\\/history\\\/\"},{\"@type\":\"ListItem\",\"position\":2,\"name\":\"Faculty &amp; Staff\",\"item\":\"https:\\\/\\\/cah.ucf.edu\\\/history\\\/faculty-staff\\\/\"},{\"@type\":\"ListItem\",\"position\":3,\"name\":\"Emeritus Faculty\",\"item\":\"https:\\\/\\\/cah.ucf.edu\\\/history\\\/faculty-staff\\\/emeriti\\\/\"},{\"@type\":\"ListItem\",\"position\":4,\"name\":\"Bruce F. Pauley, Ph.D.\"}]},{\"@type\":\"WebSite\",\"@id\":\"https:\\\/\\\/cah.ucf.edu\\\/history\\\/#website\",\"url\":\"https:\\\/\\\/cah.ucf.edu\\\/history\\\/\",\"name\":\"Department of History\",\"description\":\"History Department at the University of Central Florida\",\"potentialAction\":[{\"@type\":\"SearchAction\",\"target\":{\"@type\":\"EntryPoint\",\"urlTemplate\":\"https:\\\/\\\/cah.ucf.edu\\\/history\\\/?s={search_term_string}\"},\"query-input\":{\"@type\":\"PropertyValueSpecification\",\"valueRequired\":true,\"valueName\":\"search_term_string\"}}],\"inLanguage\":\"en-US\"}]}<\/script>\n<!-- \/ Yoast SEO plugin. -->","yoast_head_json":{"title":"Bruce F. Pauley, Ph.D. - Department of History","robots":{"index":"index","follow":"follow","max-snippet":"max-snippet:-1","max-image-preview":"max-image-preview:large","max-video-preview":"max-video-preview:-1"},"canonical":"https:\/\/cah.ucf.edu\/history\/faculty-staff\/emeriti\/pauley\/","og_locale":"en_US","og_type":"article","og_title":"Bruce F. Pauley, Ph.D. - Department of History","og_description":"bpauley@pegasus.cc.ucf.edu Education Ph.D. from University of Rochester Research Interests National Socialism Anti-Semitism World War II War and Society Totalitarianism European Popular Culture Selected Publications Books The Habsburg Legacy, 1867-1939, Robert E. Krieger Publishing, 1977. Hahnenschwanz und Hakenkreuz: Steirischer Heimatschutz und \u00d6sterreicher Nationalsozialismus, 1918-1934. Vienna: Europa Verlag, 1972. Hitler and the Forgotten Nazis: A History of&hellip;","og_url":"https:\/\/cah.ucf.edu\/history\/faculty-staff\/emeriti\/pauley\/","og_site_name":"Department of History","article_modified_time":"2022-09-16T07:49:04+00:00","twitter_card":"summary_large_image","twitter_misc":{"Est. reading time":"3 minutes"},"schema":{"@context":"https:\/\/schema.org","@graph":[{"@type":"WebPage","@id":"https:\/\/cah.ucf.edu\/history\/faculty-staff\/emeriti\/pauley\/","url":"https:\/\/cah.ucf.edu\/history\/faculty-staff\/emeriti\/pauley\/","name":"Bruce F. Pauley, Ph.D. - Department of History","isPartOf":{"@id":"https:\/\/cah.ucf.edu\/history\/#website"},"datePublished":"2020-05-06T17:18:05+00:00","dateModified":"2022-09-16T07:49:04+00:00","breadcrumb":{"@id":"https:\/\/cah.ucf.edu\/history\/faculty-staff\/emeriti\/pauley\/#breadcrumb"},"inLanguage":"en-US","potentialAction":[{"@type":"ReadAction","target":["https:\/\/cah.ucf.edu\/history\/faculty-staff\/emeriti\/pauley\/"]}]},{"@type":"BreadcrumbList","@id":"https:\/\/cah.ucf.edu\/history\/faculty-staff\/emeriti\/pauley\/#breadcrumb","itemListElement":[{"@type":"ListItem","position":1,"name":"Home","item":"https:\/\/cah.ucf.edu\/history\/"},{"@type":"ListItem","position":2,"name":"Faculty &amp; Staff","item":"https:\/\/cah.ucf.edu\/history\/faculty-staff\/"},{"@type":"ListItem","position":3,"name":"Emeritus Faculty","item":"https:\/\/cah.ucf.edu\/history\/faculty-staff\/emeriti\/"},{"@type":"ListItem","position":4,"name":"Bruce F. Pauley, Ph.D."}]},{"@type":"WebSite","@id":"https:\/\/cah.ucf.edu\/history\/#website","url":"https:\/\/cah.ucf.edu\/history\/","name":"Department of History","description":"History Department at the University of Central Florida","potentialAction":[{"@type":"SearchAction","target":{"@type":"EntryPoint","urlTemplate":"https:\/\/cah.ucf.edu\/history\/?s={search_term_string}"},"query-input":{"@type":"PropertyValueSpecification","valueRequired":true,"valueName":"search_term_string"}}],"inLanguage":"en-US"}]}},"_links":{"self":[{"href":"https:\/\/cah.ucf.edu\/history\/wp-json\/wp\/v2\/pages\/59","targetHints":{"allow":["GET"]}}],"collection":[{"href":"https:\/\/cah.ucf.edu\/history\/wp-json\/wp\/v2\/pages"}],"about":[{"href":"https:\/\/cah.ucf.edu\/history\/wp-json\/wp\/v2\/types\/page"}],"author":[{"embeddable":true,"href":"https:\/\/cah.ucf.edu\/history\/wp-json\/wp\/v2\/users\/70"}],"replies":[{"embeddable":true,"href":"https:\/\/cah.ucf.edu\/history\/wp-json\/wp\/v2\/comments?post=59"}],"version-history":[{"count":1,"href":"https:\/\/cah.ucf.edu\/history\/wp-json\/wp\/v2\/pages\/59\/revisions"}],"predecessor-version":[{"id":837,"href":"https:\/\/cah.ucf.edu\/history\/wp-json\/wp\/v2\/pages\/59\/revisions\/837"}],"up":[{"embeddable":true,"href":"https:\/\/cah.ucf.edu\/history\/wp-json\/wp\/v2\/pages\/57"}],"wp:attachment":[{"href":"https:\/\/cah.ucf.edu\/history\/wp-json\/wp\/v2\/media?parent=59"}],"wp:term":[{"taxonomy":"category","embeddable":true,"href":"https:\/\/cah.ucf.edu\/history\/wp-json\/wp\/v2\/categories?post=59"},{"taxonomy":"post_tag","embeddable":true,"href":"https:\/\/cah.ucf.edu\/history\/wp-json\/wp\/v2\/tags?post=59"}],"curies":[{"name":"wp","href":"https:\/\/api.w.org\/{rel}","templated":true}]}}